{"id":222,"date":"2023-10-23T09:31:27","date_gmt":"2023-10-23T09:31:27","guid":{"rendered":"https:\/\/berlin-britz.xn--wrdekompass-thb.org\/?page_id=222"},"modified":"2024-02-20T10:27:03","modified_gmt":"2024-02-20T10:27:03","slug":"termine","status":"publish","type":"page","link":"https:\/\/berlin-britz.xn--wrdekompass-thb.org\/index.php\/termine\/","title":{"rendered":"Termine"},"content":{"rendered":"\n\n\t<figure><img decoding=\"async\" src=\"https:\/\/berlin-britz.xn--wrdekompass-thb.org\/wp-content\/uploads\/2023\/10\/Termine-1024x512.jpg\" alt=\"\" \/><\/figure>\n<p><strong>Hier findest du die Termine zu unseren aktuellen Veranstaltungen:<\/strong><\/p>\n3. April 2024, 18:00 Uhr Treffen unserer W\u00fcrdekompass-Gruppe<br \/>\nRaum f\u00fcr Entfaltung, Pintschallee 24, 12347 Berlin\n15. April 2024, 18:00 Uhr<br \/>\nW\u00fcrde und Solidarit\u00e4t: Austausch und Diskussion mit Dr. Holger Thiel<br \/>\nTreff Britz der Baugenossenschaft IDEAL, Franz-K\u00f6rner-Str. 61 a, 12347 Berlin\n<p>\u00dcber eine Anmeldung zu den Veranstaltungen unter barbara@westphal-coaching.de freue ich\u00a0 mich.<\/p>\n\n","protected":false},"excerpt":{"rendered":"<p>Hier findest du die Termine zu unseren aktuellen Veranstaltungen: 3. April 2024, 18:00 Uhr Treffen unserer W\u00fcrdekompass-Gruppe Raum f\u00fcr Entfaltung, Pintschallee 24, 12347 Berlin 15. April 2024, 18:00 Uhr W\u00fcrde und Solidarit\u00e4t: Austausch und Diskussion mit Dr. Holger Thiel Treff Britz der Baugenossenschaft IDEAL, Franz-K\u00f6rner-Str. 61 a, 12347 Berlin \u00dcber eine Anmeldung zu den Veranstaltungen&hellip;<\/p>\n","protected":false},"author":2,"featured_media":226,"parent":0,"menu_order":0,"comment_status":"closed","ping_status":"closed","template":"","meta":{"footnotes":""},"class_list":["post-222","page","type-page","status-publish","has-post-thumbnail","hentry"],"yoast_head":"<!-- This site is optimized with the Yoast SEO plugin v27.0 - https:\/\/yoast.com\/product\/yoast-seo-wordpress\/ -->\n<title>Termine - W\u00fcrdekompass-Berlin-Britz<\/title>\n<meta name=\"robots\" content=\"index, follow, max-snippet:-1, max-image-preview:large, max-video-preview:-1\" \/>\n<link rel=\"canonical\" href=\"https:\/\/berlin-britz.xn--wrdekompass-thb.org\/index.php\/termine\/\" \/>\n<meta property=\"og:locale\" content=\"de_DE\" \/>\n<meta property=\"og:type\" content=\"article\" \/>\n<meta property=\"og:title\" content=\"Termine - W\u00fcrdekompass-Berlin-Britz\" \/>\n<meta property=\"og:description\" content=\"Hier findest du die Termine zu unseren aktuellen Veranstaltungen: 3. April 2024, 18:00 Uhr Treffen unserer W\u00fcrdekompass-Gruppe Raum f\u00fcr Entfaltung, Pintschallee 24, 12347 Berlin 15. April 2024, 18:00 Uhr W\u00fcrde und Solidarit\u00e4t: Austausch und Diskussion mit Dr. Holger Thiel Treff Britz der Baugenossenschaft IDEAL, Franz-K\u00f6rner-Str. 61 a, 12347 Berlin \u00dcber eine Anmeldung zu den Veranstaltungen&hellip;\" \/>\n<meta property=\"og:url\" content=\"https:\/\/berlin-britz.xn--wrdekompass-thb.org\/index.php\/termine\/\" \/>\n<meta property=\"og:site_name\" content=\"W\u00fcrdekompass-Berlin-Britz\" \/>\n<meta property=\"article:modified_time\" content=\"2024-02-20T10:27:03+00:00\" \/>\n<meta property=\"og:image\" content=\"https:\/\/berlin-britz.xn--wrdekompass-thb.org\/wp-content\/uploads\/2023\/10\/Termine-scaled.jpg\" \/>\n\t<meta property=\"og:image:width\" content=\"2560\" \/>\n\t<meta property=\"og:image:height\" content=\"1280\" \/>\n\t<meta property=\"og:image:type\" content=\"image\/jpeg\" \/>\n<meta name=\"twitter:card\" content=\"summary_large_image\" \/>\n<meta name=\"twitter:label1\" content=\"Gesch\u00e4tzte Lesezeit\" \/>\n\t<meta name=\"twitter:data1\" content=\"1\u00a0Minute\" \/>\n<script type=\"application\/ld+json\" class=\"yoast-schema-graph\">{\"@context\":\"https:\/\/schema.org\",\"@graph\":[{\"@type\":\"WebPage\",\"@id\":\"https:\/\/berlin-britz.xn--wrdekompass-thb.org\/index.php\/termine\/\",\"url\":\"https:\/\/berlin-britz.xn--wrdekompass-thb.org\/index.php\/termine\/\",\"name\":\"Termine - W\u00fcrdekompass-Berlin-Britz\",\"isPartOf\":{\"@id\":\"https:\/\/berlin-britz.xn--wrdekompass-thb.org\/#website\"},\"primaryImageOfPage\":{\"@id\":\"https:\/\/berlin-britz.xn--wrdekompass-thb.org\/index.php\/termine\/#primaryimage\"},\"image\":{\"@id\":\"https:\/\/berlin-britz.xn--wrdekompass-thb.org\/index.php\/termine\/#primaryimage\"},\"thumbnailUrl\":\"https:\/\/berlin-britz.xn--wrdekompass-thb.org\/wp-content\/uploads\/2023\/10\/Termine-scaled.jpg\",\"datePublished\":\"2023-10-23T09:31:27+00:00\",\"dateModified\":\"2024-02-20T10:27:03+00:00\",\"breadcrumb\":{\"@id\":\"https:\/\/berlin-britz.xn--wrdekompass-thb.org\/index.php\/termine\/#breadcrumb\"},\"inLanguage\":\"de\",\"potentialAction\":[{\"@type\":\"ReadAction\",\"target\":[\"https:\/\/berlin-britz.xn--wrdekompass-thb.org\/index.php\/termine\/\"]}]},{\"@type\":\"ImageObject\",\"inLanguage\":\"de\",\"@id\":\"https:\/\/berlin-britz.xn--wrdekompass-thb.org\/index.php\/termine\/#primaryimage\",\"url\":\"https:\/\/berlin-britz.xn--wrdekompass-thb.org\/wp-content\/uploads\/2023\/10\/Termine-scaled.jpg\",\"contentUrl\":\"https:\/\/berlin-britz.xn--wrdekompass-thb.org\/wp-content\/uploads\/2023\/10\/Termine-scaled.jpg\",\"width\":2560,\"height\":1280},{\"@type\":\"BreadcrumbList\",\"@id\":\"https:\/\/berlin-britz.xn--wrdekompass-thb.org\/index.php\/termine\/#breadcrumb\",\"itemListElement\":[{\"@type\":\"ListItem\",\"position\":1,\"name\":\"Startseite\",\"item\":\"https:\/\/berlin-britz.xn--wrdekompass-thb.org\/\"},{\"@type\":\"ListItem\",\"position\":2,\"name\":\"Termine\"}]},{\"@type\":\"WebSite\",\"@id\":\"https:\/\/berlin-britz.xn--wrdekompass-thb.org\/#website\",\"url\":\"https:\/\/berlin-britz.xn--wrdekompass-thb.org\/\",\"name\":\"W\u00fcrdekompass-Berlin-Britz\",\"description\":\"\",\"potentialAction\":[{\"@type\":\"SearchAction\",\"target\":{\"@type\":\"EntryPoint\",\"urlTemplate\":\"https:\/\/berlin-britz.xn--wrdekompass-thb.org\/?s={search_term_string}\"},\"query-input\":{\"@type\":\"PropertyValueSpecification\",\"valueRequired\":true,\"valueName\":\"search_term_string\"}}],\"inLanguage\":\"de\"}]}<\/script>\n<!-- \/ Yoast SEO plugin. -->","yoast_head_json":{"title":"Termine - W\u00fcrdekompass-Berlin-Britz","robots":{"index":"index","follow":"follow","max-snippet":"max-snippet:-1","max-image-preview":"max-image-preview:large","max-video-preview":"max-video-preview:-1"},"canonical":"https:\/\/berlin-britz.xn--wrdekompass-thb.org\/index.php\/termine\/","og_locale":"de_DE","og_type":"article","og_title":"Termine - W\u00fcrdekompass-Berlin-Britz","og_description":"Hier findest du die Termine zu unseren aktuellen Veranstaltungen: 3. April 2024, 18:00 Uhr Treffen unserer W\u00fcrdekompass-Gruppe Raum f\u00fcr Entfaltung, Pintschallee 24, 12347 Berlin 15. April 2024, 18:00 Uhr W\u00fcrde und Solidarit\u00e4t: Austausch und Diskussion mit Dr. Holger Thiel Treff Britz der Baugenossenschaft IDEAL, Franz-K\u00f6rner-Str. 61 a, 12347 Berlin \u00dcber eine Anmeldung zu den Veranstaltungen&hellip;","og_url":"https:\/\/berlin-britz.xn--wrdekompass-thb.org\/index.php\/termine\/","og_site_name":"W\u00fcrdekompass-Berlin-Britz","article_modified_time":"2024-02-20T10:27:03+00:00","og_image":[{"width":2560,"height":1280,"url":"https:\/\/berlin-britz.xn--wrdekompass-thb.org\/wp-content\/uploads\/2023\/10\/Termine-scaled.jpg","type":"image\/jpeg"}],"twitter_card":"summary_large_image","twitter_misc":{"Gesch\u00e4tzte Lesezeit":"1\u00a0Minute"},"schema":{"@context":"https:\/\/schema.org","@graph":[{"@type":"WebPage","@id":"https:\/\/berlin-britz.xn--wrdekompass-thb.org\/index.php\/termine\/","url":"https:\/\/berlin-britz.xn--wrdekompass-thb.org\/index.php\/termine\/","name":"Termine - W\u00fcrdekompass-Berlin-Britz","isPartOf":{"@id":"https:\/\/berlin-britz.xn--wrdekompass-thb.org\/#website"},"primaryImageOfPage":{"@id":"https:\/\/berlin-britz.xn--wrdekompass-thb.org\/index.php\/termine\/#primaryimage"},"image":{"@id":"https:\/\/berlin-britz.xn--wrdekompass-thb.org\/index.php\/termine\/#primaryimage"},"thumbnailUrl":"https:\/\/berlin-britz.xn--wrdekompass-thb.org\/wp-content\/uploads\/2023\/10\/Termine-scaled.jpg","datePublished":"2023-10-23T09:31:27+00:00","dateModified":"2024-02-20T10:27:03+00:00","breadcrumb":{"@id":"https:\/\/berlin-britz.xn--wrdekompass-thb.org\/index.php\/termine\/#breadcrumb"},"inLanguage":"de","potentialAction":[{"@type":"ReadAction","target":["https:\/\/berlin-britz.xn--wrdekompass-thb.org\/index.php\/termine\/"]}]},{"@type":"ImageObject","inLanguage":"de","@id":"https:\/\/berlin-britz.xn--wrdekompass-thb.org\/index.php\/termine\/#primaryimage","url":"https:\/\/berlin-britz.xn--wrdekompass-thb.org\/wp-content\/uploads\/2023\/10\/Termine-scaled.jpg","contentUrl":"https:\/\/berlin-britz.xn--wrdekompass-thb.org\/wp-content\/uploads\/2023\/10\/Termine-scaled.jpg","width":2560,"height":1280},{"@type":"BreadcrumbList","@id":"https:\/\/berlin-britz.xn--wrdekompass-thb.org\/index.php\/termine\/#breadcrumb","itemListElement":[{"@type":"ListItem","position":1,"name":"Startseite","item":"https:\/\/berlin-britz.xn--wrdekompass-thb.org\/"},{"@type":"ListItem","position":2,"name":"Termine"}]},{"@type":"WebSite","@id":"https:\/\/berlin-britz.xn--wrdekompass-thb.org\/#website","url":"https:\/\/berlin-britz.xn--wrdekompass-thb.org\/","name":"W\u00fcrdekompass-Berlin-Britz","description":"","potentialAction":[{"@type":"SearchAction","target":{"@type":"EntryPoint","urlTemplate":"https:\/\/berlin-britz.xn--wrdekompass-thb.org\/?s={search_term_string}"},"query-input":{"@type":"PropertyValueSpecification","valueRequired":true,"valueName":"search_term_string"}}],"inLanguage":"de"}]}},"_links":{"self":[{"href":"https:\/\/berlin-britz.xn--wrdekompass-thb.org\/index.php\/wp-json\/wp\/v2\/pages\/222","targetHints":{"allow":["GET"]}}],"collection":[{"href":"https:\/\/berlin-britz.xn--wrdekompass-thb.org\/index.php\/wp-json\/wp\/v2\/pages"}],"about":[{"href":"https:\/\/berlin-britz.xn--wrdekompass-thb.org\/index.php\/wp-json\/wp\/v2\/types\/page"}],"author":[{"embeddable":true,"href":"https:\/\/berlin-britz.xn--wrdekompass-thb.org\/index.php\/wp-json\/wp\/v2\/users\/2"}],"replies":[{"embeddable":true,"href":"https:\/\/berlin-britz.xn--wrdekompass-thb.org\/index.php\/wp-json\/wp\/v2\/comments?post=222"}],"version-history":[{"count":9,"href":"https:\/\/berlin-britz.xn--wrdekompass-thb.org\/index.php\/wp-json\/wp\/v2\/pages\/222\/revisions"}],"predecessor-version":[{"id":260,"href":"https:\/\/berlin-britz.xn--wrdekompass-thb.org\/index.php\/wp-json\/wp\/v2\/pages\/222\/revisions\/260"}],"wp:featuredmedia":[{"embeddable":true,"href":"https:\/\/berlin-britz.xn--wrdekompass-thb.org\/index.php\/wp-json\/wp\/v2\/media\/226"}],"wp:attachment":[{"href":"https:\/\/berlin-britz.xn--wrdekompass-thb.org\/index.php\/wp-json\/wp\/v2\/media?parent=222"}],"curies":[{"name":"wp","href":"https:\/\/api.w.org\/{rel}","templated":true}]}}