{"id":241,"date":"2023-10-23T13:58:50","date_gmt":"2023-10-23T13:58:50","guid":{"rendered":"https:\/\/berlin-britz.xn--wrdekompass-thb.org\/?page_id=241"},"modified":"2025-02-12T11:03:33","modified_gmt":"2025-02-12T11:03:33","slug":"veranstaltungen","status":"publish","type":"page","link":"https:\/\/berlin-britz.xn--wrdekompass-thb.org\/index.php\/veranstaltungen\/","title":{"rendered":"Veranstaltungen"},"content":{"rendered":"\n<h2>\n\t\tUnsere Veranstaltungsreihe W\u00fcrde und Solidarit\u00e4t\n\t<\/h2>\n\t\t\t\t<img loading=\"lazy\" decoding=\"async\" src=\"https:\/\/berlin-britz.xn--wrdekompass-thb.org\/wp-content\/uploads\/2023\/10\/Solidaritaet.jpg\" alt=\"Solidarita\u0308t\" itemprop=\"image\" height=\"600\" width=\"2000\" title=\"Solidarita\u0308t\" onerror=\"this.style.display='none'\"  \/>\n<h3>\n\t\tW\u00fcrde und Solidarit\u00e4t mit Dr. Holger Thiel, freier Philosoph<br \/>\n\t<\/h3>\n\t<h4>Zu unserer 7. Veranstaltung Wu\u0308rde und Solidarit\u00e4t laden wir herzlich ein:<\/h4>\n<p>An diesem Abend wollen wir uns mit den \u201eW\u00fcrdemonstern&#8220; besch\u00e4ftigen, also den Handlungen, die die W\u00fcrde eines Menschen sch\u00e4digen und die Verbindung zum W\u00fcrdekern st\u00f6ren k\u00f6nnen.<\/p>\nWo?<br \/>\nTreff Britz<br \/>\nFranz-K\u00f6rner-Str. 61 a<br \/>\n12347 Berlin\nWann?<br \/>\n26.03.2025<br \/>\n18:00 Uhr\nWieviel?<br \/>\nDie Veranstaltung ist kostenfrei.\n<h4>Wir freuen uns \u00fcber eine Anmeldung unter barbara@westphal-coaching.de oder 0175 594 59 02<\/h4>\n\n","protected":false},"excerpt":{"rendered":"<p>Unsere Veranstaltungsreihe W\u00fcrde und Solidarit\u00e4t W\u00fcrde und Solidarit\u00e4t mit Dr. Holger Thiel, freier Philosoph Zu unserer 7. Veranstaltung Wu\u0308rde und Solidarit\u00e4t laden wir herzlich ein: An diesem Abend wollen wir uns mit den \u201eW\u00fcrdemonstern&#8220; besch\u00e4ftigen, also den Handlungen, die die W\u00fcrde eines Menschen sch\u00e4digen und die Verbindung zum W\u00fcrdekern st\u00f6ren k\u00f6nnen. Wo? Treff Britz Franz-K\u00f6rner-Str.&hellip;<\/p>\n","protected":false},"author":2,"featured_media":0,"parent":0,"menu_order":0,"comment_status":"closed","ping_status":"closed","template":"","meta":{"footnotes":""},"class_list":["post-241","page","type-page","status-publish","hentry"],"yoast_head":"<!-- This site is optimized with the Yoast SEO plugin v27.0 - https:\/\/yoast.com\/product\/yoast-seo-wordpress\/ -->\n<title>Veranstaltungen - W\u00fcrdekompass-Berlin-Britz<\/title>\n<meta name=\"robots\" content=\"index, follow, max-snippet:-1, max-image-preview:large, max-video-preview:-1\" \/>\n<link rel=\"canonical\" href=\"https:\/\/berlin-britz.xn--wrdekompass-thb.org\/index.php\/veranstaltungen\/\" \/>\n<meta property=\"og:locale\" content=\"de_DE\" \/>\n<meta property=\"og:type\" content=\"article\" \/>\n<meta property=\"og:title\" content=\"Veranstaltungen - W\u00fcrdekompass-Berlin-Britz\" \/>\n<meta property=\"og:description\" content=\"Unsere Veranstaltungsreihe W\u00fcrde und Solidarit\u00e4t W\u00fcrde und Solidarit\u00e4t mit Dr. Holger Thiel, freier Philosoph Zu unserer 7. Veranstaltung Wu\u0308rde und Solidarit\u00e4t laden wir herzlich ein: An diesem Abend wollen wir uns mit den \u201eW\u00fcrdemonstern&#8220; besch\u00e4ftigen, also den Handlungen, die die W\u00fcrde eines Menschen sch\u00e4digen und die Verbindung zum W\u00fcrdekern st\u00f6ren k\u00f6nnen. Wo? Treff Britz Franz-K\u00f6rner-Str.&hellip;\" \/>\n<meta property=\"og:url\" content=\"https:\/\/berlin-britz.xn--wrdekompass-thb.org\/index.php\/veranstaltungen\/\" \/>\n<meta property=\"og:site_name\" content=\"W\u00fcrdekompass-Berlin-Britz\" \/>\n<meta property=\"article:modified_time\" content=\"2025-02-12T11:03:33+00:00\" \/>\n<meta property=\"og:image\" content=\"https:\/\/berlin-britz.xn--wrdekompass-thb.org\/wp-content\/uploads\/2023\/10\/Solidaritaet.jpg\" \/>\n<meta name=\"twitter:card\" content=\"summary_large_image\" \/>\n<script type=\"application\/ld+json\" class=\"yoast-schema-graph\">{\"@context\":\"https:\/\/schema.org\",\"@graph\":[{\"@type\":\"WebPage\",\"@id\":\"https:\/\/berlin-britz.xn--wrdekompass-thb.org\/index.php\/veranstaltungen\/\",\"url\":\"https:\/\/berlin-britz.xn--wrdekompass-thb.org\/index.php\/veranstaltungen\/\",\"name\":\"Veranstaltungen - W\u00fcrdekompass-Berlin-Britz\",\"isPartOf\":{\"@id\":\"https:\/\/berlin-britz.xn--wrdekompass-thb.org\/#website\"},\"primaryImageOfPage\":{\"@id\":\"https:\/\/berlin-britz.xn--wrdekompass-thb.org\/index.php\/veranstaltungen\/#primaryimage\"},\"image\":{\"@id\":\"https:\/\/berlin-britz.xn--wrdekompass-thb.org\/index.php\/veranstaltungen\/#primaryimage\"},\"thumbnailUrl\":\"https:\/\/berlin-britz.xn--wrdekompass-thb.org\/wp-content\/uploads\/2023\/10\/Solidaritaet.jpg\",\"datePublished\":\"2023-10-23T13:58:50+00:00\",\"dateModified\":\"2025-02-12T11:03:33+00:00\",\"breadcrumb\":{\"@id\":\"https:\/\/berlin-britz.xn--wrdekompass-thb.org\/index.php\/veranstaltungen\/#breadcrumb\"},\"inLanguage\":\"de\",\"potentialAction\":[{\"@type\":\"ReadAction\",\"target\":[\"https:\/\/berlin-britz.xn--wrdekompass-thb.org\/index.php\/veranstaltungen\/\"]}]},{\"@type\":\"ImageObject\",\"inLanguage\":\"de\",\"@id\":\"https:\/\/berlin-britz.xn--wrdekompass-thb.org\/index.php\/veranstaltungen\/#primaryimage\",\"url\":\"https:\/\/berlin-britz.xn--wrdekompass-thb.org\/wp-content\/uploads\/2023\/10\/Solidaritaet.jpg\",\"contentUrl\":\"https:\/\/berlin-britz.xn--wrdekompass-thb.org\/wp-content\/uploads\/2023\/10\/Solidaritaet.jpg\",\"width\":2000,\"height\":600},{\"@type\":\"BreadcrumbList\",\"@id\":\"https:\/\/berlin-britz.xn--wrdekompass-thb.org\/index.php\/veranstaltungen\/#breadcrumb\",\"itemListElement\":[{\"@type\":\"ListItem\",\"position\":1,\"name\":\"Startseite\",\"item\":\"https:\/\/berlin-britz.xn--wrdekompass-thb.org\/\"},{\"@type\":\"ListItem\",\"position\":2,\"name\":\"Veranstaltungen\"}]},{\"@type\":\"WebSite\",\"@id\":\"https:\/\/berlin-britz.xn--wrdekompass-thb.org\/#website\",\"url\":\"https:\/\/berlin-britz.xn--wrdekompass-thb.org\/\",\"name\":\"W\u00fcrdekompass-Berlin-Britz\",\"description\":\"\",\"potentialAction\":[{\"@type\":\"SearchAction\",\"target\":{\"@type\":\"EntryPoint\",\"urlTemplate\":\"https:\/\/berlin-britz.xn--wrdekompass-thb.org\/?s={search_term_string}\"},\"query-input\":{\"@type\":\"PropertyValueSpecification\",\"valueRequired\":true,\"valueName\":\"search_term_string\"}}],\"inLanguage\":\"de\"}]}<\/script>\n<!-- \/ Yoast SEO plugin. -->","yoast_head_json":{"title":"Veranstaltungen - W\u00fcrdekompass-Berlin-Britz","robots":{"index":"index","follow":"follow","max-snippet":"max-snippet:-1","max-image-preview":"max-image-preview:large","max-video-preview":"max-video-preview:-1"},"canonical":"https:\/\/berlin-britz.xn--wrdekompass-thb.org\/index.php\/veranstaltungen\/","og_locale":"de_DE","og_type":"article","og_title":"Veranstaltungen - W\u00fcrdekompass-Berlin-Britz","og_description":"Unsere Veranstaltungsreihe W\u00fcrde und Solidarit\u00e4t W\u00fcrde und Solidarit\u00e4t mit Dr. Holger Thiel, freier Philosoph Zu unserer 7. Veranstaltung Wu\u0308rde und Solidarit\u00e4t laden wir herzlich ein: An diesem Abend wollen wir uns mit den \u201eW\u00fcrdemonstern&#8220; besch\u00e4ftigen, also den Handlungen, die die W\u00fcrde eines Menschen sch\u00e4digen und die Verbindung zum W\u00fcrdekern st\u00f6ren k\u00f6nnen. Wo? Treff Britz Franz-K\u00f6rner-Str.&hellip;","og_url":"https:\/\/berlin-britz.xn--wrdekompass-thb.org\/index.php\/veranstaltungen\/","og_site_name":"W\u00fcrdekompass-Berlin-Britz","article_modified_time":"2025-02-12T11:03:33+00:00","og_image":[{"url":"https:\/\/berlin-britz.xn--wrdekompass-thb.org\/wp-content\/uploads\/2023\/10\/Solidaritaet.jpg","type":"","width":"","height":""}],"twitter_card":"summary_large_image","schema":{"@context":"https:\/\/schema.org","@graph":[{"@type":"WebPage","@id":"https:\/\/berlin-britz.xn--wrdekompass-thb.org\/index.php\/veranstaltungen\/","url":"https:\/\/berlin-britz.xn--wrdekompass-thb.org\/index.php\/veranstaltungen\/","name":"Veranstaltungen - W\u00fcrdekompass-Berlin-Britz","isPartOf":{"@id":"https:\/\/berlin-britz.xn--wrdekompass-thb.org\/#website"},"primaryImageOfPage":{"@id":"https:\/\/berlin-britz.xn--wrdekompass-thb.org\/index.php\/veranstaltungen\/#primaryimage"},"image":{"@id":"https:\/\/berlin-britz.xn--wrdekompass-thb.org\/index.php\/veranstaltungen\/#primaryimage"},"thumbnailUrl":"https:\/\/berlin-britz.xn--wrdekompass-thb.org\/wp-content\/uploads\/2023\/10\/Solidaritaet.jpg","datePublished":"2023-10-23T13:58:50+00:00","dateModified":"2025-02-12T11:03:33+00:00","breadcrumb":{"@id":"https:\/\/berlin-britz.xn--wrdekompass-thb.org\/index.php\/veranstaltungen\/#breadcrumb"},"inLanguage":"de","potentialAction":[{"@type":"ReadAction","target":["https:\/\/berlin-britz.xn--wrdekompass-thb.org\/index.php\/veranstaltungen\/"]}]},{"@type":"ImageObject","inLanguage":"de","@id":"https:\/\/berlin-britz.xn--wrdekompass-thb.org\/index.php\/veranstaltungen\/#primaryimage","url":"https:\/\/berlin-britz.xn--wrdekompass-thb.org\/wp-content\/uploads\/2023\/10\/Solidaritaet.jpg","contentUrl":"https:\/\/berlin-britz.xn--wrdekompass-thb.org\/wp-content\/uploads\/2023\/10\/Solidaritaet.jpg","width":2000,"height":600},{"@type":"BreadcrumbList","@id":"https:\/\/berlin-britz.xn--wrdekompass-thb.org\/index.php\/veranstaltungen\/#breadcrumb","itemListElement":[{"@type":"ListItem","position":1,"name":"Startseite","item":"https:\/\/berlin-britz.xn--wrdekompass-thb.org\/"},{"@type":"ListItem","position":2,"name":"Veranstaltungen"}]},{"@type":"WebSite","@id":"https:\/\/berlin-britz.xn--wrdekompass-thb.org\/#website","url":"https:\/\/berlin-britz.xn--wrdekompass-thb.org\/","name":"W\u00fcrdekompass-Berlin-Britz","description":"","potentialAction":[{"@type":"SearchAction","target":{"@type":"EntryPoint","urlTemplate":"https:\/\/berlin-britz.xn--wrdekompass-thb.org\/?s={search_term_string}"},"query-input":{"@type":"PropertyValueSpecification","valueRequired":true,"valueName":"search_term_string"}}],"inLanguage":"de"}]}},"_links":{"self":[{"href":"https:\/\/berlin-britz.xn--wrdekompass-thb.org\/index.php\/wp-json\/wp\/v2\/pages\/241","targetHints":{"allow":["GET"]}}],"collection":[{"href":"https:\/\/berlin-britz.xn--wrdekompass-thb.org\/index.php\/wp-json\/wp\/v2\/pages"}],"about":[{"href":"https:\/\/berlin-britz.xn--wrdekompass-thb.org\/index.php\/wp-json\/wp\/v2\/types\/page"}],"author":[{"embeddable":true,"href":"https:\/\/berlin-britz.xn--wrdekompass-thb.org\/index.php\/wp-json\/wp\/v2\/users\/2"}],"replies":[{"embeddable":true,"href":"https:\/\/berlin-britz.xn--wrdekompass-thb.org\/index.php\/wp-json\/wp\/v2\/comments?post=241"}],"version-history":[{"count":10,"href":"https:\/\/berlin-britz.xn--wrdekompass-thb.org\/index.php\/wp-json\/wp\/v2\/pages\/241\/revisions"}],"predecessor-version":[{"id":284,"href":"https:\/\/berlin-britz.xn--wrdekompass-thb.org\/index.php\/wp-json\/wp\/v2\/pages\/241\/revisions\/284"}],"wp:attachment":[{"href":"https:\/\/berlin-britz.xn--wrdekompass-thb.org\/index.php\/wp-json\/wp\/v2\/media?parent=241"}],"curies":[{"name":"wp","href":"https:\/\/api.w.org\/{rel}","templated":true}]}}