{"id":7,"date":"2023-02-25T09:24:04","date_gmt":"2023-02-25T09:24:04","guid":{"rendered":"https:\/\/bern.xn--wrdekompass-thb.org\/?page_id=7"},"modified":"2024-07-30T09:46:27","modified_gmt":"2024-07-30T09:46:27","slug":"berlin-britz","status":"publish","type":"page","link":"https:\/\/berlin-britz.xn--wrdekompass-thb.org\/","title":{"rendered":"Berlin Britz"},"content":{"rendered":"\n<h2>\n\t\tHerzlich Willkommen!\n\t<\/h2>\n\t<p>Sch\u00f6n dass Sie unsere Webseite besuchen. Hier finden Sie die wichtigsten Informationen zur W\u00fcrdekompassgruppe Berlin-Britz.<\/p>\n<p>Der W\u00fcrdekompass ist eine Initiative zur St\u00e4rkung des Empfindens, der Vorstellung und des Bewusstseins menschlicher W\u00fcrde. Nicht in der Theorie, sondern im t\u00e4glichen Zusammenleben. Sie wurde von der <a href=\"https:\/\/www.akademiefuerpotentialentfaltung.org\">Akademie f\u00fcr Potenzialentfaltung<\/a> ins Leben gerufen.<\/p>\n<p>Der <a href=\"https:\/\/www.wuerdekompass.org\" target=\"_blank\" rel=\"noopener\">W\u00fcrdekompass e.V.<\/a> ist das Dach aller W\u00fcrdekompass-Gruppen. Jede regionale Gruppe ist unabh\u00e4ngig und erforscht den eigenen Weg &#8211; mit W\u00fcrde.<\/p>\n<p>Unsere Berlin-Britzer Gruppe trifft sich in der Regel einmal im Monat, meistens Montags.<\/p>\n<p>Wir tauschen uns \u00fcber die vielen Facetten eines w\u00fcrdevollen Miteinanders aus, diskutieren f\u00fcr uns spannende Literatur und die wichtigen Fragen des Lebens. Dar\u00fcber hinaus organisieren wir Vortr\u00e4ge oder Diskussionsrunden.<\/p>\nUnser n\u00e4chstes Treffen findet am 2. September 2024 um 18 Uhr in der Pintschallee 24, 12347 Berlin statt.<strong><br \/>\n<\/strong>\n<p>Wir freuen uns \u00fcber neue Gesichter!<\/p>\n\t\t\t\t<img loading=\"lazy\" decoding=\"async\" src=\"https:\/\/berlin-britz.xn--wrdekompass-thb.org\/wp-content\/uploads\/2023\/09\/Regenbogen_Neukoelln-845x1024.jpg\" alt=\"Regenbogen_Neukoelln\" itemprop=\"image\" height=\"1024\" width=\"845\" title=\"Regenbogen_Neukoelln\" onerror=\"this.style.display='none'\"  \/>\n\t\t\t\t<img decoding=\"async\" src=\"https:\/\/berlin-britz.xn--wrdekompass-thb.org\/wp-content\/plugins\/bb-plugin\/img\/pixel.png\" alt=\"\" itemprop=\"image\" onerror=\"this.style.display='none'\"  \/>\n<h2>\n\t\tBerichte aus der Gruppe\n\t<\/h2>\n<h3>\n\t\tKontakt aufnehmen!\n\t<\/h3>\n\t<h4>Ansprechperson:<\/h4>\nW\u00fcrdekompassgruppe Berlin-Britz\nBarbara Westphal\nPintschallee 24\n12347 Berlin\n<a href=\"mailto:barbara@westphal-coaching.de\">barbara@westphal-coaching.de<\/a>\n0175 594 59 02\n\t<h4>Treffpunkt f\u00fcr Gruppentreffen:<\/h4>\n<p><b>Raum f\u00fcr Entfaltung<\/b><\/p>\n<b>Pintschallee 24<br \/>\n<\/b>\n<p><b>12347 Berlin<\/b><\/p>\n\t<iframe src=\"https:\/\/www.google.com\/maps\/embed\/v1\/place?q=Pintschallee+24%0A12347+Berlin&#038;key=AIzaSyD09zQ9PNDNNy9TadMuzRV_UsPUoWKntt8\" aria-hidden=\"true\"><\/iframe>\n\n","protected":false},"excerpt":{"rendered":"<p>Herzlich Willkommen! Sch\u00f6n dass Sie unsere Webseite besuchen. Hier finden Sie die wichtigsten Informationen zur W\u00fcrdekompassgruppe Berlin-Britz. Der W\u00fcrdekompass ist eine Initiative zur St\u00e4rkung des Empfindens, der Vorstellung und des Bewusstseins menschlicher W\u00fcrde. Nicht in der Theorie, sondern im t\u00e4glichen Zusammenleben. Sie wurde von der Akademie f\u00fcr Potenzialentfaltung ins Leben gerufen. Der W\u00fcrdekompass e.V. ist&hellip;<\/p>\n","protected":false},"author":1,"featured_media":0,"parent":0,"menu_order":0,"comment_status":"closed","ping_status":"closed","template":"","meta":{"footnotes":""},"class_list":["post-7","page","type-page","status-publish","hentry"],"yoast_head":"<!-- This site is optimized with the Yoast SEO plugin v27.0 - https:\/\/yoast.com\/product\/yoast-seo-wordpress\/ -->\n<title>Berlin Britz - W\u00fcrdekompass-Berlin-Britz<\/title>\n<meta name=\"robots\" content=\"index, follow, max-snippet:-1, max-image-preview:large, max-video-preview:-1\" \/>\n<link rel=\"canonical\" href=\"https:\/\/berlin-britz.xn--wrdekompass-thb.org\/\" \/>\n<meta property=\"og:locale\" content=\"de_DE\" \/>\n<meta property=\"og:type\" content=\"article\" \/>\n<meta property=\"og:title\" content=\"Berlin Britz - W\u00fcrdekompass-Berlin-Britz\" \/>\n<meta property=\"og:description\" content=\"Herzlich Willkommen! Sch\u00f6n dass Sie unsere Webseite besuchen. Hier finden Sie die wichtigsten Informationen zur W\u00fcrdekompassgruppe Berlin-Britz. Der W\u00fcrdekompass ist eine Initiative zur St\u00e4rkung des Empfindens, der Vorstellung und des Bewusstseins menschlicher W\u00fcrde. Nicht in der Theorie, sondern im t\u00e4glichen Zusammenleben. Sie wurde von der Akademie f\u00fcr Potenzialentfaltung ins Leben gerufen. Der W\u00fcrdekompass e.V. ist&hellip;\" \/>\n<meta property=\"og:url\" content=\"https:\/\/berlin-britz.xn--wrdekompass-thb.org\/\" \/>\n<meta property=\"og:site_name\" content=\"W\u00fcrdekompass-Berlin-Britz\" \/>\n<meta property=\"article:modified_time\" content=\"2024-07-30T09:46:27+00:00\" \/>\n<meta property=\"og:image\" content=\"https:\/\/berlin-britz.xn--wrdekompass-thb.org\/wp-content\/uploads\/2023\/09\/Regenbogen_Neukoelln-845x1024.jpg\" \/>\n<meta name=\"twitter:card\" content=\"summary_large_image\" \/>\n<meta name=\"twitter:label1\" content=\"Gesch\u00e4tzte Lesezeit\" \/>\n\t<meta name=\"twitter:data1\" content=\"6\u00a0Minuten\" \/>\n<script type=\"application\/ld+json\" class=\"yoast-schema-graph\">{\"@context\":\"https:\/\/schema.org\",\"@graph\":[{\"@type\":\"WebPage\",\"@id\":\"https:\/\/berlin-britz.xn--wrdekompass-thb.org\/\",\"url\":\"https:\/\/berlin-britz.xn--wrdekompass-thb.org\/\",\"name\":\"Berlin Britz - W\u00fcrdekompass-Berlin-Britz\",\"isPartOf\":{\"@id\":\"https:\/\/berlin-britz.xn--wrdekompass-thb.org\/#website\"},\"primaryImageOfPage\":{\"@id\":\"https:\/\/berlin-britz.xn--wrdekompass-thb.org\/#primaryimage\"},\"image\":{\"@id\":\"https:\/\/berlin-britz.xn--wrdekompass-thb.org\/#primaryimage\"},\"thumbnailUrl\":\"https:\/\/berlin-britz.xn--wrdekompass-thb.org\/wp-content\/uploads\/2023\/09\/Regenbogen_Neukoelln-845x1024.jpg\",\"datePublished\":\"2023-02-25T09:24:04+00:00\",\"dateModified\":\"2024-07-30T09:46:27+00:00\",\"breadcrumb\":{\"@id\":\"https:\/\/berlin-britz.xn--wrdekompass-thb.org\/#breadcrumb\"},\"inLanguage\":\"de\",\"potentialAction\":[{\"@type\":\"ReadAction\",\"target\":[\"https:\/\/berlin-britz.xn--wrdekompass-thb.org\/\"]}]},{\"@type\":\"ImageObject\",\"inLanguage\":\"de\",\"@id\":\"https:\/\/berlin-britz.xn--wrdekompass-thb.org\/#primaryimage\",\"url\":\"https:\/\/berlin-britz.xn--wrdekompass-thb.org\/wp-content\/uploads\/2023\/09\/Regenbogen_Neukoelln.jpg\",\"contentUrl\":\"https:\/\/berlin-britz.xn--wrdekompass-thb.org\/wp-content\/uploads\/2023\/09\/Regenbogen_Neukoelln.jpg\",\"width\":2112,\"height\":2558},{\"@type\":\"BreadcrumbList\",\"@id\":\"https:\/\/berlin-britz.xn--wrdekompass-thb.org\/#breadcrumb\",\"itemListElement\":[{\"@type\":\"ListItem\",\"position\":1,\"name\":\"Startseite\",\"item\":\"https:\/\/berlin-britz.xn--wrdekompass-thb.org\/\"},{\"@type\":\"ListItem\",\"position\":2,\"name\":\"Berlin Britz\"}]},{\"@type\":\"WebSite\",\"@id\":\"https:\/\/berlin-britz.xn--wrdekompass-thb.org\/#website\",\"url\":\"https:\/\/berlin-britz.xn--wrdekompass-thb.org\/\",\"name\":\"W\u00fcrdekompass-Berlin-Britz\",\"description\":\"\",\"potentialAction\":[{\"@type\":\"SearchAction\",\"target\":{\"@type\":\"EntryPoint\",\"urlTemplate\":\"https:\/\/berlin-britz.xn--wrdekompass-thb.org\/?s={search_term_string}\"},\"query-input\":{\"@type\":\"PropertyValueSpecification\",\"valueRequired\":true,\"valueName\":\"search_term_string\"}}],\"inLanguage\":\"de\"}]}<\/script>\n<!-- \/ Yoast SEO plugin. -->","yoast_head_json":{"title":"Berlin Britz - W\u00fcrdekompass-Berlin-Britz","robots":{"index":"index","follow":"follow","max-snippet":"max-snippet:-1","max-image-preview":"max-image-preview:large","max-video-preview":"max-video-preview:-1"},"canonical":"https:\/\/berlin-britz.xn--wrdekompass-thb.org\/","og_locale":"de_DE","og_type":"article","og_title":"Berlin Britz - W\u00fcrdekompass-Berlin-Britz","og_description":"Herzlich Willkommen! Sch\u00f6n dass Sie unsere Webseite besuchen. Hier finden Sie die wichtigsten Informationen zur W\u00fcrdekompassgruppe Berlin-Britz. Der W\u00fcrdekompass ist eine Initiative zur St\u00e4rkung des Empfindens, der Vorstellung und des Bewusstseins menschlicher W\u00fcrde. Nicht in der Theorie, sondern im t\u00e4glichen Zusammenleben. Sie wurde von der Akademie f\u00fcr Potenzialentfaltung ins Leben gerufen. Der W\u00fcrdekompass e.V. ist&hellip;","og_url":"https:\/\/berlin-britz.xn--wrdekompass-thb.org\/","og_site_name":"W\u00fcrdekompass-Berlin-Britz","article_modified_time":"2024-07-30T09:46:27+00:00","og_image":[{"url":"https:\/\/berlin-britz.xn--wrdekompass-thb.org\/wp-content\/uploads\/2023\/09\/Regenbogen_Neukoelln-845x1024.jpg","type":"","width":"","height":""}],"twitter_card":"summary_large_image","twitter_misc":{"Gesch\u00e4tzte Lesezeit":"6\u00a0Minuten"},"schema":{"@context":"https:\/\/schema.org","@graph":[{"@type":"WebPage","@id":"https:\/\/berlin-britz.xn--wrdekompass-thb.org\/","url":"https:\/\/berlin-britz.xn--wrdekompass-thb.org\/","name":"Berlin Britz - W\u00fcrdekompass-Berlin-Britz","isPartOf":{"@id":"https:\/\/berlin-britz.xn--wrdekompass-thb.org\/#website"},"primaryImageOfPage":{"@id":"https:\/\/berlin-britz.xn--wrdekompass-thb.org\/#primaryimage"},"image":{"@id":"https:\/\/berlin-britz.xn--wrdekompass-thb.org\/#primaryimage"},"thumbnailUrl":"https:\/\/berlin-britz.xn--wrdekompass-thb.org\/wp-content\/uploads\/2023\/09\/Regenbogen_Neukoelln-845x1024.jpg","datePublished":"2023-02-25T09:24:04+00:00","dateModified":"2024-07-30T09:46:27+00:00","breadcrumb":{"@id":"https:\/\/berlin-britz.xn--wrdekompass-thb.org\/#breadcrumb"},"inLanguage":"de","potentialAction":[{"@type":"ReadAction","target":["https:\/\/berlin-britz.xn--wrdekompass-thb.org\/"]}]},{"@type":"ImageObject","inLanguage":"de","@id":"https:\/\/berlin-britz.xn--wrdekompass-thb.org\/#primaryimage","url":"https:\/\/berlin-britz.xn--wrdekompass-thb.org\/wp-content\/uploads\/2023\/09\/Regenbogen_Neukoelln.jpg","contentUrl":"https:\/\/berlin-britz.xn--wrdekompass-thb.org\/wp-content\/uploads\/2023\/09\/Regenbogen_Neukoelln.jpg","width":2112,"height":2558},{"@type":"BreadcrumbList","@id":"https:\/\/berlin-britz.xn--wrdekompass-thb.org\/#breadcrumb","itemListElement":[{"@type":"ListItem","position":1,"name":"Startseite","item":"https:\/\/berlin-britz.xn--wrdekompass-thb.org\/"},{"@type":"ListItem","position":2,"name":"Berlin Britz"}]},{"@type":"WebSite","@id":"https:\/\/berlin-britz.xn--wrdekompass-thb.org\/#website","url":"https:\/\/berlin-britz.xn--wrdekompass-thb.org\/","name":"W\u00fcrdekompass-Berlin-Britz","description":"","potentialAction":[{"@type":"SearchAction","target":{"@type":"EntryPoint","urlTemplate":"https:\/\/berlin-britz.xn--wrdekompass-thb.org\/?s={search_term_string}"},"query-input":{"@type":"PropertyValueSpecification","valueRequired":true,"valueName":"search_term_string"}}],"inLanguage":"de"}]}},"_links":{"self":[{"href":"https:\/\/berlin-britz.xn--wrdekompass-thb.org\/index.php\/wp-json\/wp\/v2\/pages\/7","targetHints":{"allow":["GET"]}}],"collection":[{"href":"https:\/\/berlin-britz.xn--wrdekompass-thb.org\/index.php\/wp-json\/wp\/v2\/pages"}],"about":[{"href":"https:\/\/berlin-britz.xn--wrdekompass-thb.org\/index.php\/wp-json\/wp\/v2\/types\/page"}],"author":[{"embeddable":true,"href":"https:\/\/berlin-britz.xn--wrdekompass-thb.org\/index.php\/wp-json\/wp\/v2\/users\/1"}],"replies":[{"embeddable":true,"href":"https:\/\/berlin-britz.xn--wrdekompass-thb.org\/index.php\/wp-json\/wp\/v2\/comments?post=7"}],"version-history":[{"count":19,"href":"https:\/\/berlin-britz.xn--wrdekompass-thb.org\/index.php\/wp-json\/wp\/v2\/pages\/7\/revisions"}],"predecessor-version":[{"id":280,"href":"https:\/\/berlin-britz.xn--wrdekompass-thb.org\/index.php\/wp-json\/wp\/v2\/pages\/7\/revisions\/280"}],"wp:attachment":[{"href":"https:\/\/berlin-britz.xn--wrdekompass-thb.org\/index.php\/wp-json\/wp\/v2\/media?parent=7"}],"curies":[{"name":"wp","href":"https:\/\/api.w.org\/{rel}","templated":true}]}}